{"id":60,"date":"2024-08-05T22:01:49","date_gmt":"2024-08-05T20:01:49","guid":{"rendered":"http:\/\/robidinapolipizzeria.hu\/?page_id=60"},"modified":"2025-09-26T19:33:27","modified_gmt":"2025-09-26T17:33:27","slug":"pizzak","status":"publish","type":"page","link":"https:\/\/robidinapolipizzeria.hu\/?page_id=60","title":{"rendered":"\u00c9tlap"},"content":{"rendered":"\t\t<div data-elementor-type=\"wp-page\" data-elementor-id=\"60\" class=\"elementor elementor-60\">\n\t\t\t\t<div class=\"elementor-element elementor-element-bf696d9 e-flex e-con-boxed e-con e-parent\" data-id=\"bf696d9\" data-element_type=\"container\">\n\t\t\t\t\t<div class=\"e-con-inner\">\n\t\t\t\t<div class=\"elementor-element elementor-element-9f827af elementor-widget elementor-widget-heading\" data-id=\"9f827af\" data-element_type=\"widget\" data-widget_type=\"heading.default\">\n\t\t\t\t<div class=\"elementor-widget-container\">\n\t\t\t\t\t<h1 class=\"elementor-heading-title elementor-size-default\">  1<\/h1>\t\t\t\t<\/div>\n\t\t\t\t<\/div>\n\t\t\t\t\t<\/div>\n\t\t\t\t<\/div>\n\t\t<div class=\"elementor-element elementor-element-71726dda e-flex e-con-boxed e-con e-parent\" data-id=\"71726dda\" data-element_type=\"container\">\n\t\t\t\t\t<div class=\"e-con-inner\">\n\t\t\t\t<div class=\"elementor-element elementor-element-61e5f38a elementor-widget__width-inherit elementor-widget elementor-widget-text-editor\" data-id=\"61e5f38a\" data-element_type=\"widget\" data-widget_type=\"text-editor.default\">\n\t\t\t\t<div class=\"elementor-widget-container\">\n\t\t\t\t\t\t\t\t\t<h1>El\u0151\u00e9telek<\/h1>\n<div>\u00a0<\/div>\n<p><!-- \/wp:heading --><!-- wp:paragraph --><\/p>\n<p><!-- \/wp:paragraph --><!-- wp:html --><\/p>\n<p>\u00a0<\/p>\n<p><style>\n        body {<br \/>            font-family: Arial, sans-serif;<br \/>            background-color: #f8f9fa;<br \/>            margin: 0;<br \/>            padding: 0;<br \/>            display: flex;<br \/>            justify-content: center;<br \/>            align-items: center;<br \/>            flex-direction: column;<br \/>        }<br \/>        .menu {<br \/>            width: 100%;<br \/>            max-width: 800px;<br \/>            margin: 20px auto;<br \/>            padding: 20px;<br \/>            background-color: #fff;<br \/>            box-shadow: 0 0 10px rgba(0, 0, 0, 0.1);<br \/>        }<br \/>        .menu-item {<br \/>            margin-bottom: 20px;<br \/>            padding-bottom: 20px;<br \/>            border-bottom: 1px solid #ddd;<br \/>        }<br \/>        .menu-item:last-child {<br \/>            border-bottom: none;<br \/>        }<br \/>        .menu-item h2 {<br \/>            margin: 0 0 10px;<br \/>            color: #333;<br \/>        }<br \/>        .menu-item p {<br \/>            margin: 0 0 10px;<br \/>            color: #555;<br \/>        }<br \/>        .menu-item .price {<br \/>            font-weight: bold;<br \/>            color: #28a745;<br \/>        }<br \/>    <\/style><\/p>\n<div>\n<div>\n<div>\n<h2><span style=\"color: #000000;\">CAPRESE<\/span><\/h2>\n<p>bivaly mozzarella, d.o.p. kokt\u00e9lparadicsom, bazsalikom, focaccia<\/p>\n<p><span style=\"color: #339966; font-family: var( --e-global-typography-text-font-family ), Sans-serif; font-size: 1rem; font-weight: var( --e-global-typography-text-font-weight ); text-align: var(--text-align);\">4500 Ft<\/span><\/p>\n<\/div>\n<div>\n<h2><span style=\"color: #000000;\">ANTIPASTI DELLA CAMPANIA ( 2 szem\u00e9lyre )<\/span><\/h2>\n<p>sonka, szal\u00e1mi, sajtv\u00e1logat\u00e1s, prim\u0151r z\u00f6lds\u00e9gek, focaccia<\/p>\n<p><span style=\"color: #339966; font-family: var( --e-global-typography-text-font-family ), Sans-serif; font-size: 1rem; font-weight: var( --e-global-typography-text-font-weight ); text-align: var(--text-align);\">5500 Ft<\/span><\/p>\n<\/div>\n<h2>\u00a0<\/h2>\n<\/div>\n<div>\u00a0<\/div>\n<\/div>\n<p><!-- \/wp:html --><!-- wp:paragraph --><\/p>\n<p><!-- \/wp:paragraph --><!-- wp:heading {\"textAlign\":\"center\",\"level\":1} --><\/p>\n<h1>Pizz\u00e1k<\/h1>\n<div>\u00a0<\/div>\n<p><!-- \/wp:heading --><!-- wp:paragraph --><\/p>\n<p><!-- \/wp:paragraph --><!-- wp:html --><\/p>\n<p>\u00a0<\/p>\n<p><style>\n        body {<br \/>            font-family: Arial, sans-serif;<br \/>            background-color: #f8f9fa;<br \/>            margin: 0;<br \/>            padding: 0;<br \/>            display: flex;<br \/>            justify-content: center;<br \/>            align-items: center;<br \/>            flex-direction: column;<br \/>        }<br \/>        .menu {<br \/>            width: 100%;<br \/>            max-width: 800px;<br \/>            margin: 20px auto;<br \/>            padding: 20px;<br \/>            background-color: #fff;<br \/>            box-shadow: 0 0 10px rgba(0, 0, 0, 0.1);<br \/>        }<br \/>        .menu-item {<br \/>            margin-bottom: 20px;<br \/>            padding-bottom: 20px;<br \/>            border-bottom: 1px solid #ddd;<br \/>        }<br \/>        .menu-item:last-child {<br \/>            border-bottom: none;<br \/>        }<br \/>        .menu-item h2 {<br \/>            margin: 0 0 10px;<br \/>            color: #333;<br \/>        }<br \/>        .menu-item p {<br \/>            margin: 0 0 10px;<br \/>            color: #555;<br \/>        }<br \/>        .menu-item .price {<br \/>            font-weight: bold;<br \/>            color: #28a745;<br \/>        }<br \/>    <\/style><\/p>\n<div>\n<div>\n<h2><span style=\"color: #000000;\">MARINARA<\/span><\/h2>\n<p>paradicsom, fokhagyma, oregan\u00f3, olivaolaj<\/p>\n<p><strong><span style=\"color: #339966;\">2600 Ft<\/span><\/strong><\/p>\n<\/div>\n<div>\n<h2><span style=\"color: #000000;\">MARGHERITA<\/span><\/h2>\n<p>paradicsom,mozzarella, bazsalikom, olivaolaj<\/p>\n<p><strong><span style=\"color: #339966;\">3400 Ft<\/span><\/strong><\/p>\n<\/div>\n<div>\n<h2><span style=\"color: #000000;\">BUFFALA<\/span><\/h2>\n<p>paradicsom, bivaly mozzarella d.o.p., bazsalikom, rukkola, kokt\u00e9lparadicsom, olivaolaj<\/p>\n<p><strong><span style=\"color: #339966;\">4200 Ft<\/span><\/strong><\/p>\n<\/div>\n<div>\n<h2><span style=\"color: #000000;\">TONNO E CIPPOLA<\/span><\/h2>\n<p>paradicsom, mozzarella, tonhal, lilahagyma, olivabogy\u00f3, capribogy\u00f3, olivaolaj<\/p>\n<p><strong><span style=\"color: #339966;\">4100 Ft<\/span><\/strong><\/p>\n<\/div>\n<div>\n<h2><span style=\"color: #000000;\">NAPOLETANO<\/span><\/h2>\n<p>paradicsom, mozzarella, szardella fil\u00e9, olivabogy\u00f3, oregan\u00f3, olivaolaj<\/p>\n<p><strong><span style=\"color: #339966;\">3600 Ft<\/span><\/strong><\/p>\n<\/div>\n<div>\n<h2><span style=\"color: #000000;\">QUATTRO FORMAGGI<\/span><\/h2>\n<p>ricotta, mozzarella, gorgonzola, grana padano, olivaolaj<\/p>\n<p><strong><span style=\"color: #339966;\">3900 Ft<\/span><\/strong><\/p>\n<\/div>\n<div>\n<h2><span style=\"color: #000000;\">ALLA NONNA<\/span><\/h2>\n<p>ricotta, mozzarella, gorgonzola, p\u00e1rmai sonka, k\u00f6rte, karamelliz\u00e1lt di\u00f3, olivaolaj<\/p>\n<p><strong><span style=\"color: #339966;\">4300 Ft<\/span><\/strong><\/p>\n<\/div>\n<div>\n<h2><span style=\"color: #000000;\">PROSCIUTTO COTTO<\/span><\/h2>\n<p>paradicsom, mozzarella, f\u0151t sonka, bazsalikom, olivaolaj<\/p>\n<p><strong><span style=\"color: #339966;\">3600 Ft<\/span><\/strong><\/p>\n<\/div>\n<div>\n<h2><span style=\"color: #000000;\">COTTO E FUNGHI<\/span><\/h2>\n<p>paradicsom, mozzarella, f\u0151t sonka, gomba, olivaolaj<\/p>\n<p><strong><span style=\"color: #339966;\">3700 Ft<\/span><\/strong><\/p>\n<\/div>\n<div>\n<h2><span style=\"color: #000000;\">SALMINO<\/span><\/h2>\n<p>paradicsom, mozzarella, n\u00e1polyi csemegeszal\u00e1mi, kokt\u00e9lparadicsom, bazsalikom<\/p>\n<p><strong><span style=\"color: #339966;\">3900 Ft<\/span><\/strong><\/p>\n<\/div>\n<div>\n<h2><span style=\"color: #000000;\">DIAVOLA<\/span><\/h2>\n<p>paradicsom, mozzarella, cs\u00edp\u0151s n\u00e1polyi szal\u00e1mi, pepperoni<\/p>\n<p><strong><span style=\"color: #339966;\">3900 Ft<\/span><\/strong><\/p>\n<\/div>\n<div>\n<h2><span style=\"color: #000000;\">UNGHERESE<\/span><\/h2>\n<p>paradicsom, mozzarella, f\u00fcst\u00f6lt sajt, f\u0151tt sonka, cs\u00edp\u0151s szal\u00e1mi, lilahagyma, pepperoni<\/p>\n<p><strong><span style=\"color: #339966;\">4100 Ft<\/span><\/strong><\/p>\n<\/div>\n<div>\n<h2><span style=\"color: #000000;\">PROSCIUTTO PARMA<\/span><\/h2>\n<p>paradicsom, mozzarella, p\u00e1rmai sonka, rukkola, parmez\u00e1n, olivaolaj<\/p>\n<p><strong><span style=\"color: #339966;\">4100 Ft<\/span><\/strong><\/p>\n<\/div>\n<div>\n<h2><span style=\"color: #000000;\">MARADONA<\/span><\/h2>\n<p>paradicsom, mozzarella, gorgonzola, f\u0151tt sonka, n\u00e1polyi csemegeszal\u00e1mi, gy\u00f6ngyhagyma<\/p>\n<p><strong><span style=\"color: #339966;\">4100 Ft<\/span><\/strong><\/p>\n<\/div>\n<div>\n<h2><span style=\"color: #000000;\">CAPO DI TUTTI<\/span><\/h2>\n<p>paradicsom, bivaly mozzarella d.o.p., bazsalikom, p\u00e1rmai sonka, rukkola, kokt\u00e9lparadicsom, reszelt parmez\u00e1n, olivaolaj<\/p>\n<p><strong><span style=\"color: #339966;\">4900 Ft<\/span><\/strong><\/p>\n<\/div>\n<h2><span style=\"color: #000000;\">TARTUFO<\/span><\/h2>\n<p><span style=\"color: #000000;\">mascarpone, szarvasgomba kr\u00e9m, mozzarella, ventricina piccante szal\u00e1mi, parmez\u00e1n, bazsalikom<\/span><\/p>\n<p><span style=\"color: #339966;\"><strong>4300 Ft<\/strong><\/span><\/p>\n<\/div>\n<p><!-- \/wp:html --><!-- wp:paragraph --><!-- \/wp:paragraph --><!-- wp:heading {\"textAlign\":\"center\",\"level\":1} --><\/p>\n<p>\u00a0<\/p>\n<h1><span style=\"color: #000000;\">\u00a0<\/span><\/h1>\n<h1><span style=\"color: #000000;\">Desszertek<\/span><\/h1>\n<p><!-- \/wp:heading --><!-- wp:paragraph {\"align\":\"center\"} --><\/p>\n<p>Desszertekr\u0151l \u00e9rdekl\u0151dj diszp\u00e9cser\u00fcnkn\u00e9l<\/p>\n<p><!-- \/wp:paragraph --><!-- wp:paragraph --><\/p>\n<p><!-- \/wp:paragraph --><!-- wp:heading {\"textAlign\":\"center\",\"level\":1} --><\/p>\n<h1><span style=\"color: #000000;\">\u00a0<\/span><\/h1>\n<h1><span style=\"color: #000000;\">Allerg\u00e9nek<\/span><\/h1>\n<p><!-- \/wp:heading --><!-- wp:paragraph {\"align\":\"center\"} --><\/p>\n<p>glut\u00e9n, tej hal, di\u00f3f\u00e9l\u00e9k<\/p>\n<p>\u00a0<\/p>\n<p><!-- \/wp:paragraph --><\/p>\t\t\t\t\t\t\t\t<\/div>\n\t\t\t\t<\/div>\n\t\t\t\t\t<\/div>\n\t\t\t\t<\/div>\n\t\t<div class=\"elementor-element elementor-element-1fe0727 e-con-full e-flex e-con e-parent\" data-id=\"1fe0727\" data-element_type=\"container\">\n\t\t\t\t<div class=\"elementor-element elementor-element-8f39256 elementor-widget__width-inherit elementor-arrows-position-inside elementor-pagination-position-outside elementor-widget elementor-widget-image-carousel\" data-id=\"8f39256\" data-element_type=\"widget\" data-settings=\"{&quot;navigation&quot;:&quot;both&quot;,&quot;autoplay&quot;:&quot;yes&quot;,&quot;pause_on_hover&quot;:&quot;yes&quot;,&quot;pause_on_interaction&quot;:&quot;yes&quot;,&quot;autoplay_speed&quot;:5000,&quot;infinite&quot;:&quot;yes&quot;,&quot;speed&quot;:500}\" data-widget_type=\"image-carousel.default\">\n\t\t\t\t<div class=\"elementor-widget-container\">\n\t\t\t\t\t\t\t<div class=\"elementor-image-carousel-wrapper swiper\" role=\"region\" aria-roledescription=\"carousel\" aria-label=\"K\u00e9p k\u00f6rhinta\" dir=\"ltr\">\n\t\t\t<div class=\"elementor-image-carousel swiper-wrapper\" aria-live=\"off\">\n\t\t\t\t\t\t\t\t<div class=\"swiper-slide\" role=\"group\" aria-roledescription=\"slide\" aria-label=\"1 \/ 13\"><figure class=\"swiper-slide-inner\"><img decoding=\"async\" class=\"swiper-slide-image\" src=\"https:\/\/robidinapolipizzeria.hu\/wp-content\/uploads\/2024\/08\/ok-1871-scaled.jpg\" alt=\"ok-1871\" \/><\/figure><\/div><div class=\"swiper-slide\" role=\"group\" aria-roledescription=\"slide\" aria-label=\"2 \/ 13\"><figure class=\"swiper-slide-inner\"><img decoding=\"async\" class=\"swiper-slide-image\" src=\"https:\/\/robidinapolipizzeria.hu\/wp-content\/uploads\/2024\/08\/ok-1808-scaled.jpg\" alt=\"ok-1808\" \/><\/figure><\/div><div class=\"swiper-slide\" role=\"group\" aria-roledescription=\"slide\" aria-label=\"3 \/ 13\"><figure class=\"swiper-slide-inner\"><img decoding=\"async\" class=\"swiper-slide-image\" src=\"https:\/\/robidinapolipizzeria.hu\/wp-content\/uploads\/2024\/08\/ok-1668-scaled.jpg\" alt=\"ok-1668\" \/><\/figure><\/div><div class=\"swiper-slide\" role=\"group\" aria-roledescription=\"slide\" aria-label=\"4 \/ 13\"><figure class=\"swiper-slide-inner\"><img decoding=\"async\" class=\"swiper-slide-image\" src=\"https:\/\/robidinapolipizzeria.hu\/wp-content\/uploads\/2024\/08\/ok-1628-scaled.jpg\" alt=\"ok-1628\" \/><\/figure><\/div><div class=\"swiper-slide\" role=\"group\" aria-roledescription=\"slide\" aria-label=\"5 \/ 13\"><figure class=\"swiper-slide-inner\"><img decoding=\"async\" class=\"swiper-slide-image\" src=\"https:\/\/robidinapolipizzeria.hu\/wp-content\/uploads\/2024\/08\/ok-1471-scaled.jpg\" alt=\"ok-1471\" \/><\/figure><\/div><div class=\"swiper-slide\" role=\"group\" aria-roledescription=\"slide\" aria-label=\"6 \/ 13\"><figure class=\"swiper-slide-inner\"><img decoding=\"async\" class=\"swiper-slide-image\" src=\"https:\/\/robidinapolipizzeria.hu\/wp-content\/uploads\/2024\/08\/ok-1500-scaled.jpg\" alt=\"ok-1500\" \/><\/figure><\/div><div class=\"swiper-slide\" role=\"group\" aria-roledescription=\"slide\" aria-label=\"7 \/ 13\"><figure class=\"swiper-slide-inner\"><img decoding=\"async\" class=\"swiper-slide-image\" src=\"https:\/\/robidinapolipizzeria.hu\/wp-content\/uploads\/2024\/08\/ok-1479-scaled.jpg\" alt=\"ok-1479\" \/><\/figure><\/div><div class=\"swiper-slide\" role=\"group\" aria-roledescription=\"slide\" aria-label=\"8 \/ 13\"><figure class=\"swiper-slide-inner\"><img decoding=\"async\" class=\"swiper-slide-image\" src=\"https:\/\/robidinapolipizzeria.hu\/wp-content\/uploads\/2024\/08\/ok-1493-scaled.jpg\" alt=\"ok-1493\" \/><\/figure><\/div><div class=\"swiper-slide\" role=\"group\" aria-roledescription=\"slide\" aria-label=\"9 \/ 13\"><figure class=\"swiper-slide-inner\"><img decoding=\"async\" class=\"swiper-slide-image\" src=\"https:\/\/robidinapolipizzeria.hu\/wp-content\/uploads\/2024\/08\/ok-1507-scaled.jpg\" alt=\"ok-1507\" \/><\/figure><\/div><div class=\"swiper-slide\" role=\"group\" aria-roledescription=\"slide\" aria-label=\"10 \/ 13\"><figure class=\"swiper-slide-inner\"><img decoding=\"async\" class=\"swiper-slide-image\" src=\"https:\/\/robidinapolipizzeria.hu\/wp-content\/uploads\/2024\/08\/ok-1542-scaled.jpg\" alt=\"ok-1542\" \/><\/figure><\/div><div class=\"swiper-slide\" role=\"group\" aria-roledescription=\"slide\" aria-label=\"11 \/ 13\"><figure class=\"swiper-slide-inner\"><img decoding=\"async\" class=\"swiper-slide-image\" src=\"https:\/\/robidinapolipizzeria.hu\/wp-content\/uploads\/2024\/08\/ok-1554-scaled.jpg\" alt=\"ok-1554\" \/><\/figure><\/div><div class=\"swiper-slide\" role=\"group\" aria-roledescription=\"slide\" aria-label=\"12 \/ 13\"><figure class=\"swiper-slide-inner\"><img decoding=\"async\" class=\"swiper-slide-image\" src=\"https:\/\/robidinapolipizzeria.hu\/wp-content\/uploads\/2024\/08\/ok-1653-scaled.jpg\" alt=\"ok-1653\" \/><\/figure><\/div><div class=\"swiper-slide\" role=\"group\" aria-roledescription=\"slide\" aria-label=\"13 \/ 13\"><figure class=\"swiper-slide-inner\"><img decoding=\"async\" class=\"swiper-slide-image\" src=\"https:\/\/robidinapolipizzeria.hu\/wp-content\/uploads\/2024\/08\/ok-1635-scaled.jpg\" alt=\"ok-1635\" \/><\/figure><\/div>\t\t\t<\/div>\n\t\t\t\t\t\t\t\t\t\t\t\t<div class=\"elementor-swiper-button elementor-swiper-button-prev\" role=\"button\" tabindex=\"0\">\n\t\t\t\t\t\t<svg aria-hidden=\"true\" class=\"e-font-icon-svg e-eicon-chevron-left\" viewBox=\"0 0 1000 1000\" xmlns=\"http:\/\/www.w3.org\/2000\/svg\"><path d=\"M646 125C629 125 613 133 604 142L308 442C296 454 292 471 292 487 292 504 296 521 308 533L604 854C617 867 629 875 646 875 663 875 679 871 692 858 704 846 713 829 713 812 713 796 708 779 692 767L438 487 692 225C700 217 708 204 708 187 708 171 704 154 692 142 675 129 663 125 646 125Z\"><\/path><\/svg>\t\t\t\t\t<\/div>\n\t\t\t\t\t<div class=\"elementor-swiper-button elementor-swiper-button-next\" role=\"button\" tabindex=\"0\">\n\t\t\t\t\t\t<svg aria-hidden=\"true\" class=\"e-font-icon-svg e-eicon-chevron-right\" viewBox=\"0 0 1000 1000\" xmlns=\"http:\/\/www.w3.org\/2000\/svg\"><path d=\"M696 533C708 521 713 504 713 487 713 471 708 454 696 446L400 146C388 133 375 125 354 125 338 125 325 129 313 142 300 154 292 171 292 187 292 204 296 221 308 233L563 492 304 771C292 783 288 800 288 817 288 833 296 850 308 863 321 871 338 875 354 875 371 875 388 867 400 854L696 533Z\"><\/path><\/svg>\t\t\t\t\t<\/div>\n\t\t\t\t\n\t\t\t\t\t\t\t\t\t<div class=\"swiper-pagination\"><\/div>\n\t\t\t\t\t\t\t\t\t<\/div>\n\t\t\t\t\t\t<\/div>\n\t\t\t\t<\/div>\n\t\t\t\t<\/div>\n\t\t\t\t<\/div>\n\t\t","protected":false},"excerpt":{"rendered":"<p>1 El\u0151\u00e9telek \u00a0 \u00a0 CAPRESE bivaly mozzarella, d.o.p. kokt\u00e9lparadicsom, bazsalikom, focaccia 4500 Ft ANTIPASTI DELLA CAMPANIA ( 2 szem\u00e9lyre ) sonka, szal\u00e1mi, sajtv\u00e1logat\u00e1s, prim\u0151r z\u00f6lds\u00e9gek, focaccia 5500 Ft \u00a0 \u00a0 Pizz\u00e1k \u00a0 \u00a0 MARINARA paradicsom, fokhagyma, oregan\u00f3, olivaolaj 2600 Ft&#8230; <\/p>\n<div class=\"readmore-section\"><a class=\"readmore-btn\" href=\"https:\/\/robidinapolipizzeria.hu\/?page_id=60\">Continue reading <i class=\"fa fa-arrow-right\"><\/i><\/a><\/div>\n","protected":false},"author":1,"featured_media":0,"parent":0,"menu_order":0,"comment_status":"closed","ping_status":"closed","template":"template-full-width-page-builder.php","meta":{"footnotes":""},"class_list":["post-60","page","type-page","status-publish","hentry"],"_links":{"self":[{"href":"https:\/\/robidinapolipizzeria.hu\/index.php?rest_route=\/wp\/v2\/pages\/60","targetHints":{"allow":["GET"]}}],"collection":[{"href":"https:\/\/robidinapolipizzeria.hu\/index.php?rest_route=\/wp\/v2\/pages"}],"about":[{"href":"https:\/\/robidinapolipizzeria.hu\/index.php?rest_route=\/wp\/v2\/types\/page"}],"author":[{"embeddable":true,"href":"https:\/\/robidinapolipizzeria.hu\/index.php?rest_route=\/wp\/v2\/users\/1"}],"replies":[{"embeddable":true,"href":"https:\/\/robidinapolipizzeria.hu\/index.php?rest_route=%2Fwp%2Fv2%2Fcomments&post=60"}],"version-history":[{"count":67,"href":"https:\/\/robidinapolipizzeria.hu\/index.php?rest_route=\/wp\/v2\/pages\/60\/revisions"}],"predecessor-version":[{"id":340,"href":"https:\/\/robidinapolipizzeria.hu\/index.php?rest_route=\/wp\/v2\/pages\/60\/revisions\/340"}],"wp:attachment":[{"href":"https:\/\/robidinapolipizzeria.hu\/index.php?rest_route=%2Fwp%2Fv2%2Fmedia&parent=60"}],"curies":[{"name":"wp","href":"https:\/\/api.w.org\/{rel}","templated":true}]}}